{"id":11,"date":"2025-06-19T11:15:12","date_gmt":"2025-06-19T09:15:12","guid":{"rendered":"http:\/\/neurixai.pl\/?page_id=11"},"modified":"2025-06-19T11:15:12","modified_gmt":"2025-06-19T09:15:12","slug":"neurixai","status":"publish","type":"page","link":"https:\/\/neurixai.pl\/?page_id=11","title":{"rendered":"NeurixAI"},"content":{"rendered":"<p><!DOCTYPE html><br \/>\n<html lang=\"pl\"><br \/>\n<head><br \/>\n    <meta charset=\"UTF-8\"><br \/>\n    <meta name=\"viewport\" content=\"width=device-width, initial-scale=1.0\"><br \/>\n    <title>InnovaAI &#8211; Strona w Budowie<\/title>\n    <link rel=\"stylesheet\" href=\"CSS\/style.css\">\n    <link rel=\"icon\" href=\"data:image\/svg+xml,<svg xmlns='http:\/\/www.w3.org\/2000\/svg' viewBox='0 0 100 100'><text y='.9em' font-size='90'>\u2728<\/text><\/svg>&#8220;><br \/>\n<\/head><br \/>\n<body><\/p>\n<div class=\"container\">\n<h1>Tu powstaje co\u015b innowacyjnego<\/h1>\n<p>Wkr\u00f3tce wi\u0119cej informacji o naszych rozwi\u0105zaniach AI.<\/p>\n<\/p><\/div>\n<footer style=\"text-align: center; margin-top: 50px; font-size: 0.9em; color: #666;\">\n        \u00a9 <span id=\"year\"><\/span> <a href=\"https:\/\/neurixai.pl\" target=\"_blank\" rel=\"noopener noreferrer\">neurixai.pl<\/a>. Wszelkie prawa zastrze\u017cone.<br \/>\n    <\/footer>\n<p>    <script>\n        \/\/ automatyczne ustawianie roku\n        document.getElementById(\"year\").textContent = new Date().getFullYear();\n    <\/script><br \/>\n<\/body><br \/>\n<\/html><\/p>\n","protected":false},"excerpt":{"rendered":"<p>InnovaAI &#8211; Strona w Budowie<\/p>\n","protected":false},"author":1,"featured_media":0,"parent":0,"menu_order":0,"comment_status":"closed","ping_status":"closed","template":"","meta":{"footnotes":""},"class_list":["post-11","page","type-page","status-publish","hentry"],"_links":{"self":[{"href":"https:\/\/neurixai.pl\/index.php?rest_route=\/wp\/v2\/pages\/11","targetHints":{"allow":["GET"]}}],"collection":[{"href":"https:\/\/neurixai.pl\/index.php?rest_route=\/wp\/v2\/pages"}],"about":[{"href":"https:\/\/neurixai.pl\/index.php?rest_route=\/wp\/v2\/types\/page"}],"author":[{"embeddable":true,"href":"https:\/\/neurixai.pl\/index.php?rest_route=\/wp\/v2\/users\/1"}],"replies":[{"embeddable":true,"href":"https:\/\/neurixai.pl\/index.php?rest_route=%2Fwp%2Fv2%2Fcomments&post=11"}],"version-history":[{"count":1,"href":"https:\/\/neurixai.pl\/index.php?rest_route=\/wp\/v2\/pages\/11\/revisions"}],"predecessor-version":[{"id":12,"href":"https:\/\/neurixai.pl\/index.php?rest_route=\/wp\/v2\/pages\/11\/revisions\/12"}],"wp:attachment":[{"href":"https:\/\/neurixai.pl\/index.php?rest_route=%2Fwp%2Fv2%2Fmedia&parent=11"}],"curies":[{"name":"wp","href":"https:\/\/api.w.org\/{rel}","templated":true}]}}